{"id":5415,"date":"2024-09-10T13:20:25","date_gmt":"2024-09-10T13:20:25","guid":{"rendered":"https:\/\/www.sandiegoprobateattorney.com\/nuestros-abogados\/daniel-r-weiner\/"},"modified":"2026-01-07T02:56:44","modified_gmt":"2026-01-07T02:56:44","slug":"daniel-r-weiner","status":"publish","type":"page","link":"https:\/\/www.sandiegoprobateattorney.com\/es\/nuestros-abogados\/daniel-r-weiner\/","title":{"rendered":"Daniel R. Weiner"},"content":{"rendered":"<div class=\"fusion-fullwidth fullwidth-box fusion-builder-row-1 fusion-flex-container has-pattern-background has-mask-background nonhundred-percent-fullwidth non-hundred-percent-height-scrolling\" style=\"--awb-border-radius-top-left:0px;--awb-border-radius-top-right:0px;--awb-border-radius-bottom-right:0px;--awb-border-radius-bottom-left:0px;--awb-padding-right:0px;--awb-padding-left:0px;--awb-flex-wrap:wrap;\" ><div class=\"fusion-builder-row fusion-row fusion-flex-align-items-center fusion-flex-content-wrap\" style=\"max-width:1996.8px;margin-left: calc(-4% \/ 2 );margin-right: calc(-4% \/ 2 );\"><div class=\"fusion-layout-column fusion_builder_column fusion-builder-column-0 fusion_builder_column_1_4 1_4 fusion-flex-column\" style=\"--awb-bg-size:cover;--awb-width-large:25%;--awb-margin-top-large:0px;--awb-spacing-right-large:7.68%;--awb-margin-bottom-large:20px;--awb-spacing-left-large:7.68%;--awb-width-medium:100%;--awb-order-medium:0;--awb-spacing-right-medium:1.92%;--awb-spacing-left-medium:1.92%;--awb-width-small:100%;--awb-order-small:0;--awb-spacing-right-small:1.92%;--awb-spacing-left-small:1.92%;\" data-scroll-devices=\"small-visibility,medium-visibility,large-visibility\"><div class=\"fusion-column-wrapper fusion-column-has-shadow fusion-flex-justify-content-flex-start fusion-content-layout-column\"><div class=\"fusion-image-element \" style=\"text-align:left;--awb-mask-url: url(https:\/\/www.sandiegoprobateattorney.com\/wp-content\/plugins\/fusion-builder\/\/assets\/images\/masks\/mask-17.svg);--awb-mask-size: cover;--awb-max-width:300px;--awb-caption-title-font-family:var(--h2_typography-font-family);--awb-caption-title-font-weight:var(--h2_typography-font-weight);--awb-caption-title-font-style:var(--h2_typography-font-style);--awb-caption-title-size:var(--h2_typography-font-size);--awb-caption-title-transform:var(--h2_typography-text-transform);--awb-caption-title-line-height:var(--h2_typography-line-height);--awb-caption-title-letter-spacing:var(--h2_typography-letter-spacing);\"><span class=\" fusion-imageframe imageframe-none imageframe-1 hover-type-none has-mask\"><img decoding=\"async\" width=\"1000\" height=\"1000\" alt=\"Daniel R Weiner Abogado Director En San Diego Probate Attorneys\" title=\"Daniel R Weiner Abogado Director En San Diego Probate Attorneys\" src=\"https:\/\/www.sandiegoprobateattorney.com\/wp-content\/uploads\/2025\/10\/daniel-r-weiner-abogado-director-en-san-diego-probate-attorneys.jpg\" class=\"img-responsive wp-image-5385\" srcset=\"https:\/\/www.sandiegoprobateattorney.com\/wp-content\/uploads\/2025\/10\/daniel-r-weiner-abogado-director-en-san-diego-probate-attorneys-200x200.jpg 200w, https:\/\/www.sandiegoprobateattorney.com\/wp-content\/uploads\/2025\/10\/daniel-r-weiner-abogado-director-en-san-diego-probate-attorneys-400x400.jpg 400w, https:\/\/www.sandiegoprobateattorney.com\/wp-content\/uploads\/2025\/10\/daniel-r-weiner-abogado-director-en-san-diego-probate-attorneys-600x600.jpg 600w, https:\/\/www.sandiegoprobateattorney.com\/wp-content\/uploads\/2025\/10\/daniel-r-weiner-abogado-director-en-san-diego-probate-attorneys-800x800.jpg 800w, https:\/\/www.sandiegoprobateattorney.com\/wp-content\/uploads\/2025\/10\/daniel-r-weiner-abogado-director-en-san-diego-probate-attorneys.jpg 1000w\" sizes=\"(max-width: 640px) 100vw, 600px\" \/><\/span><\/div><\/div><\/div><div class=\"fusion-layout-column fusion_builder_column fusion-builder-column-1 fusion_builder_column_3_4 3_4 fusion-flex-column fusion-flex-align-self-center\" style=\"--awb-bg-size:cover;--awb-width-large:75%;--awb-margin-top-large:0px;--awb-spacing-right-large:2.56%;--awb-margin-bottom-large:20px;--awb-spacing-left-large:2.56%;--awb-width-medium:100%;--awb-order-medium:0;--awb-spacing-right-medium:1.92%;--awb-spacing-left-medium:1.92%;--awb-width-small:100%;--awb-order-small:0;--awb-spacing-right-small:1.92%;--awb-spacing-left-small:1.92%;\" data-scroll-devices=\"small-visibility,medium-visibility,large-visibility\"><div class=\"fusion-column-wrapper fusion-column-has-shadow fusion-flex-justify-content-center fusion-content-layout-column\"><div class=\"fusion-title title fusion-title-1 fusion-sep-none fusion-title-text fusion-title-size-one\" style=\"--awb-text-color:var(--awb-color5);--awb-margin-bottom:0px;--awb-font-size:60px;\"><h1 class=\"fusion-title-heading title-heading-left\" style=\"margin:0;font-size:1em;\">Daniel R. Weiner<\/h1><\/div><div class=\"fusion-title title fusion-title-2 fusion-sep-none fusion-title-text fusion-title-size-two attorney-title\" style=\"--awb-text-color:var(--awb-color3);\"><h2 class=\"fusion-title-heading title-heading-left\" style=\"font-family:&quot;Josefin Sans&quot;;font-style:normal;font-weight:400;margin:0;\">Fundador y Abogado Director<\/h2><\/div><\/div><\/div><div class=\"fusion-layout-column fusion_builder_column fusion-builder-column-2 fusion_builder_column_1_1 1_1 fusion-flex-column\" style=\"--awb-bg-size:cover;--awb-width-large:100%;--awb-margin-top-large:0px;--awb-spacing-right-large:1.92%;--awb-margin-bottom-large:20px;--awb-spacing-left-large:1.92%;--awb-width-medium:100%;--awb-order-medium:0;--awb-spacing-right-medium:1.92%;--awb-spacing-left-medium:1.92%;--awb-width-small:100%;--awb-order-small:0;--awb-spacing-right-small:1.92%;--awb-spacing-left-small:1.92%;\"><div class=\"fusion-column-wrapper fusion-column-has-shadow fusion-flex-justify-content-flex-start fusion-content-layout-column\"><div class=\"fusion-text fusion-text-1\"><p><a href=\"https:\/\/www.avvo.com\/attorneys\/92101-ca-daniel-weiner-5026401.html\" target=\"_blank\" rel=\"noopener\">Daniel R. Weiner<\/a> es el Fundador y Abogado Director de San Diego Probate Attorneys. Trabaja con personas y familias en todo el estado de California en materia de planificaci\u00f3n patrimonial, <a href=\"https:\/\/www.sandiegoprobateattorney.com\/es\/areas-de-practica\/abogado-fideicomisos\/administracion-de-fideicomisos\/\">administraci\u00f3n de fideicomisos<\/a> y procesos de sucesi\u00f3n, con un enfoque pr\u00e1ctico orientado a ayudar a los clientes a tomar decisiones claras en momentos que con frecuencia resultan inciertos.<\/p>\n<p>La trayectoria de Daniel combina la pr\u00e1ctica jur\u00eddica en los Estados Unidos con una perspectiva legal internacional. Obtuvo su t\u00edtulo de abogado en la Universidad de Birmingham, en el Reino Unido, y posteriormente complet\u00f3 una Maestr\u00eda en Derecho (LL.M.) en la Facultad de Derecho de la Universidad de Duke. Antes de iniciar su pr\u00e1ctica en San Diego, acumul\u00f3 m\u00e1s de una d\u00e9cada de experiencia en firmas internacionales de abogados, entre ellas Orrick, Herrington &amp; Sutcliffe y Freshfields Bruckhaus Deringer, donde desarroll\u00f3 un enfoque minucioso y orientado al detalle frente a asuntos legales y financieros complejos.<\/p>\n<p>En la actualidad, el trabajo de Daniel se centra en la elaboraci\u00f3n de planes patrimoniales que reflejen las prioridades reales de las familias, as\u00ed como en la orientaci\u00f3n a fiduciarios, beneficiarios y representantes personales durante la administraci\u00f3n de fideicomisos y los procesos de sucesi\u00f3n. Su pr\u00e1ctica tambi\u00e9n incluye, seg\u00fan los objetivos y circunstancias de cada cliente, estrategias de planificaci\u00f3n para la minimizaci\u00f3n de impuestos sucesorios, planificaci\u00f3n para personas con necesidades especiales y planificaci\u00f3n de protecci\u00f3n de activos frente a Medi-Cal.<\/p>\n<p>Daniel est\u00e1 admitido en el Colegio de Abogados del Estado de California y mantiene una licencia activa. Permanece vinculado a la comunidad profesional de fideicomisos y sucesiones mediante su participaci\u00f3n y servicio en organizaciones del sector. Asimismo, ha sido invitado a participar como ponente en temas como donaciones ben\u00e9ficas y planificaci\u00f3n patrimonial internacional, y apoya a organizaciones comunitarias y sin fines de lucro a trav\u00e9s de funciones de liderazgo y asesor\u00eda.<\/p>\n<p>Los clientes valoran el enfoque sereno y estructurado de Daniel, as\u00ed como su compromiso de ayudar a las familias a comprender plenamente sus opciones antes de avanzar. En San Diego Probate Attorneys, aplica esta misma filosof\u00eda en cada asunto: escucha atenta, orientaci\u00f3n clara y apoyo constante desde la primera consulta hasta la resoluci\u00f3n del caso.<\/p>\n<\/div><\/div><\/div><\/div><\/div>\n","protected":false},"excerpt":{"rendered":"","protected":false},"author":2,"featured_media":0,"parent":5379,"menu_order":0,"comment_status":"closed","ping_status":"closed","template":"100-width.php","meta":{"_analytify_skip_tracking":false,"footnotes":""},"class_list":["post-5415","page","type-page","status-publish","hentry"],"_links":{"self":[{"href":"https:\/\/www.sandiegoprobateattorney.com\/es\/wp-json\/wp\/v2\/pages\/5415","targetHints":{"allow":["GET"]}}],"collection":[{"href":"https:\/\/www.sandiegoprobateattorney.com\/es\/wp-json\/wp\/v2\/pages"}],"about":[{"href":"https:\/\/www.sandiegoprobateattorney.com\/es\/wp-json\/wp\/v2\/types\/page"}],"author":[{"embeddable":true,"href":"https:\/\/www.sandiegoprobateattorney.com\/es\/wp-json\/wp\/v2\/users\/2"}],"replies":[{"embeddable":true,"href":"https:\/\/www.sandiegoprobateattorney.com\/es\/wp-json\/wp\/v2\/comments?post=5415"}],"version-history":[{"count":8,"href":"https:\/\/www.sandiegoprobateattorney.com\/es\/wp-json\/wp\/v2\/pages\/5415\/revisions"}],"predecessor-version":[{"id":5841,"href":"https:\/\/www.sandiegoprobateattorney.com\/es\/wp-json\/wp\/v2\/pages\/5415\/revisions\/5841"}],"up":[{"embeddable":true,"href":"https:\/\/www.sandiegoprobateattorney.com\/es\/wp-json\/wp\/v2\/pages\/5379"}],"wp:attachment":[{"href":"https:\/\/www.sandiegoprobateattorney.com\/es\/wp-json\/wp\/v2\/media?parent=5415"}],"curies":[{"name":"wp","href":"https:\/\/api.w.org\/{rel}","templated":true}]}}